{"id":959,"date":"2018-02-02T19:52:58","date_gmt":"2018-02-02T17:52:58","guid":{"rendered":"http:\/\/emomentultau.ro\/?page_id=959"},"modified":"2018-02-02T20:00:27","modified_gmt":"2018-02-02T18:00:27","slug":"atestat-balet-bancila","status":"publish","type":"page","link":"https:\/\/emomentultau.ro\/index.php\/atestat-balet-bancila\/","title":{"rendered":"Atestat-balet-bancila"},"content":{"rendered":"<div id=\"pl-959\"  class=\"panel-layout\" ><div id=\"pg-959-0\"  class=\"panel-grid panel-no-style\" ><div id=\"pgc-959-0-0\"  class=\"panel-grid-cell\" ><div id=\"panel-959-0-0-0\" class=\"so-panel widget widget_sow-editor panel-first-child panel-last-child\" data-index=\"0\" ><div\n\t\t\t\n\t\t\tclass=\"so-widget-sow-editor so-widget-sow-editor-base\"\n\t\t\t\n\t\t>\n<div class=\"siteorigin-widget-tinymce textwidget\">\n\t<h4 style=\"text-align: center;\">Atestat coregrafie promotia 2017<\/h4>\n<h5 style=\"text-align: center;\">Spectacol de balet in cadrul atestatului de\u00a0<\/h5>\n<h5 style=\"text-align: center;\">coregrafie de la\u00a0Colegiul Na\u0163ional de Art\u0103 \"Octav B\u0103ncil\u0103\" Ia\u015fi<\/h5>\n<\/div>\n<\/div><\/div><\/div><\/div><div id=\"pg-959-1\"  class=\"panel-grid panel-no-style\" ><div id=\"pgc-959-1-0\"  class=\"panel-grid-cell\" ><div id=\"panel-959-1-0-0\" class=\"so-panel widget widget_sow-editor panel-first-child panel-last-child\" data-index=\"1\" ><div\n\t\t\t\n\t\t\tclass=\"so-widget-sow-editor so-widget-sow-editor-base\"\n\t\t\t\n\t\t>\n<div class=\"siteorigin-widget-tinymce textwidget\">\n\t<h2 style=\"text-align: center;\"><img loading=\"lazy\" decoding=\"async\" class=\"aligncenter size-large wp-image-962\" src=\"http:\/\/emomentultau.ro\/wp-content\/uploads\/2018\/02\/7568567567567567567567-1024x494.jpg\" alt=\"\" width=\"700\" height=\"338\" srcset=\"https:\/\/emomentultau.ro\/wp-content\/uploads\/2018\/02\/7568567567567567567567-1024x494.jpg 1024w, https:\/\/emomentultau.ro\/wp-content\/uploads\/2018\/02\/7568567567567567567567-300x145.jpg 300w, https:\/\/emomentultau.ro\/wp-content\/uploads\/2018\/02\/7568567567567567567567-768x371.jpg 768w, https:\/\/emomentultau.ro\/wp-content\/uploads\/2018\/02\/7568567567567567567567.jpg 1600w\" sizes=\"auto, (max-width: 700px) 100vw, 700px\" \/> \u00a0<\/h2>\n<h2 style=\"text-align: center;\"><img loading=\"lazy\" decoding=\"async\" class=\"aligncenter size-large wp-image-963\" src=\"http:\/\/emomentultau.ro\/wp-content\/uploads\/2018\/02\/DSC_3370-1024x684.jpg\" alt=\"\" width=\"700\" height=\"468\" srcset=\"https:\/\/emomentultau.ro\/wp-content\/uploads\/2018\/02\/DSC_3370-1024x684.jpg 1024w, https:\/\/emomentultau.ro\/wp-content\/uploads\/2018\/02\/DSC_3370-300x200.jpg 300w, https:\/\/emomentultau.ro\/wp-content\/uploads\/2018\/02\/DSC_3370-768x513.jpg 768w, https:\/\/emomentultau.ro\/wp-content\/uploads\/2018\/02\/DSC_3370-272x182.jpg 272w, https:\/\/emomentultau.ro\/wp-content\/uploads\/2018\/02\/DSC_3370.jpg 1600w\" sizes=\"auto, (max-width: 700px) 100vw, 700px\" \/><\/h2>\n<h2>\u00a0<\/h2>\n<h2 style=\"text-align: center;\"><img loading=\"lazy\" decoding=\"async\" class=\"aligncenter size-large wp-image-964\" src=\"http:\/\/emomentultau.ro\/wp-content\/uploads\/2018\/02\/DSC_3427-684x1024.jpg\" alt=\"\" width=\"684\" height=\"1024\" srcset=\"https:\/\/emomentultau.ro\/wp-content\/uploads\/2018\/02\/DSC_3427-684x1024.jpg 684w, https:\/\/emomentultau.ro\/wp-content\/uploads\/2018\/02\/DSC_3427-200x300.jpg 200w, https:\/\/emomentultau.ro\/wp-content\/uploads\/2018\/02\/DSC_3427-768x1151.jpg 768w, https:\/\/emomentultau.ro\/wp-content\/uploads\/2018\/02\/DSC_3427-300x449.jpg 300w, https:\/\/emomentultau.ro\/wp-content\/uploads\/2018\/02\/DSC_3427.jpg 1068w\" sizes=\"auto, (max-width: 684px) 100vw, 684px\" \/>\u00a0<\/h2>\n<h2 style=\"text-align: center;\"><img loading=\"lazy\" decoding=\"async\" class=\"aligncenter size-large wp-image-965\" src=\"http:\/\/emomentultau.ro\/wp-content\/uploads\/2018\/02\/DSC_3434-1024x684.jpg\" alt=\"\" width=\"700\" height=\"468\" srcset=\"https:\/\/emomentultau.ro\/wp-content\/uploads\/2018\/02\/DSC_3434-1024x684.jpg 1024w, https:\/\/emomentultau.ro\/wp-content\/uploads\/2018\/02\/DSC_3434-300x200.jpg 300w, https:\/\/emomentultau.ro\/wp-content\/uploads\/2018\/02\/DSC_3434-768x513.jpg 768w, https:\/\/emomentultau.ro\/wp-content\/uploads\/2018\/02\/DSC_3434-272x182.jpg 272w, https:\/\/emomentultau.ro\/wp-content\/uploads\/2018\/02\/DSC_3434.jpg 1600w\" sizes=\"auto, (max-width: 700px) 100vw, 700px\" \/>\u00a0<\/h2>\n<h2 style=\"text-align: center;\"><img loading=\"lazy\" decoding=\"async\" class=\"aligncenter size-large wp-image-966\" src=\"http:\/\/emomentultau.ro\/wp-content\/uploads\/2018\/02\/DSC_3450-1024x684.jpg\" alt=\"\" width=\"700\" height=\"468\" srcset=\"https:\/\/emomentultau.ro\/wp-content\/uploads\/2018\/02\/DSC_3450-1024x684.jpg 1024w, https:\/\/emomentultau.ro\/wp-content\/uploads\/2018\/02\/DSC_3450-300x200.jpg 300w, https:\/\/emomentultau.ro\/wp-content\/uploads\/2018\/02\/DSC_3450-768x513.jpg 768w, https:\/\/emomentultau.ro\/wp-content\/uploads\/2018\/02\/DSC_3450-272x182.jpg 272w, https:\/\/emomentultau.ro\/wp-content\/uploads\/2018\/02\/DSC_3450.jpg 1600w\" sizes=\"auto, (max-width: 700px) 100vw, 700px\" \/>\u00a0<\/h2>\n<h2 style=\"text-align: center;\"><img loading=\"lazy\" decoding=\"async\" class=\"aligncenter size-large wp-image-967\" src=\"http:\/\/emomentultau.ro\/wp-content\/uploads\/2018\/02\/DSC_3465-684x1024.jpg\" alt=\"\" width=\"684\" height=\"1024\" srcset=\"https:\/\/emomentultau.ro\/wp-content\/uploads\/2018\/02\/DSC_3465-684x1024.jpg 684w, https:\/\/emomentultau.ro\/wp-content\/uploads\/2018\/02\/DSC_3465-200x300.jpg 200w, https:\/\/emomentultau.ro\/wp-content\/uploads\/2018\/02\/DSC_3465-768x1151.jpg 768w, https:\/\/emomentultau.ro\/wp-content\/uploads\/2018\/02\/DSC_3465-300x449.jpg 300w, https:\/\/emomentultau.ro\/wp-content\/uploads\/2018\/02\/DSC_3465.jpg 1068w\" sizes=\"auto, (max-width: 684px) 100vw, 684px\" \/>\u00a0<\/h2>\n<h2 style=\"text-align: center;\"><img loading=\"lazy\" decoding=\"async\" class=\"aligncenter size-large wp-image-968\" src=\"http:\/\/emomentultau.ro\/wp-content\/uploads\/2018\/02\/DSC_3534-1024x336.jpg\" alt=\"\" width=\"700\" height=\"230\" srcset=\"https:\/\/emomentultau.ro\/wp-content\/uploads\/2018\/02\/DSC_3534-1024x336.jpg 1024w, https:\/\/emomentultau.ro\/wp-content\/uploads\/2018\/02\/DSC_3534-300x98.jpg 300w, https:\/\/emomentultau.ro\/wp-content\/uploads\/2018\/02\/DSC_3534-768x252.jpg 768w, https:\/\/emomentultau.ro\/wp-content\/uploads\/2018\/02\/DSC_3534.jpg 1600w\" sizes=\"auto, (max-width: 700px) 100vw, 700px\" \/>\u00a0<\/h2>\n<h2 style=\"text-align: center;\"><img loading=\"lazy\" decoding=\"async\" class=\"aligncenter size-large wp-image-969\" src=\"http:\/\/emomentultau.ro\/wp-content\/uploads\/2018\/02\/DSC_3536-1024x684.jpg\" alt=\"\" width=\"700\" height=\"468\" srcset=\"https:\/\/emomentultau.ro\/wp-content\/uploads\/2018\/02\/DSC_3536-1024x684.jpg 1024w, https:\/\/emomentultau.ro\/wp-content\/uploads\/2018\/02\/DSC_3536-300x200.jpg 300w, https:\/\/emomentultau.ro\/wp-content\/uploads\/2018\/02\/DSC_3536-768x513.jpg 768w, https:\/\/emomentultau.ro\/wp-content\/uploads\/2018\/02\/DSC_3536-272x182.jpg 272w, https:\/\/emomentultau.ro\/wp-content\/uploads\/2018\/02\/DSC_3536.jpg 1600w\" sizes=\"auto, (max-width: 700px) 100vw, 700px\" \/>\u00a0<\/h2>\n<h2 style=\"text-align: center;\"><img loading=\"lazy\" decoding=\"async\" class=\"aligncenter size-large wp-image-970\" src=\"http:\/\/emomentultau.ro\/wp-content\/uploads\/2018\/02\/DSC_3586-1024x684.jpg\" alt=\"\" width=\"700\" height=\"468\" srcset=\"https:\/\/emomentultau.ro\/wp-content\/uploads\/2018\/02\/DSC_3586-1024x684.jpg 1024w, https:\/\/emomentultau.ro\/wp-content\/uploads\/2018\/02\/DSC_3586-300x200.jpg 300w, https:\/\/emomentultau.ro\/wp-content\/uploads\/2018\/02\/DSC_3586-768x513.jpg 768w, https:\/\/emomentultau.ro\/wp-content\/uploads\/2018\/02\/DSC_3586-272x182.jpg 272w, https:\/\/emomentultau.ro\/wp-content\/uploads\/2018\/02\/DSC_3586.jpg 1600w\" sizes=\"auto, (max-width: 700px) 100vw, 700px\" \/>\u00a0<\/h2>\n<h2 style=\"text-align: center;\"><img loading=\"lazy\" decoding=\"async\" class=\"aligncenter size-large wp-image-971\" src=\"http:\/\/emomentultau.ro\/wp-content\/uploads\/2018\/02\/DSC_3591-684x1024.jpg\" alt=\"\" width=\"684\" height=\"1024\" srcset=\"https:\/\/emomentultau.ro\/wp-content\/uploads\/2018\/02\/DSC_3591-684x1024.jpg 684w, https:\/\/emomentultau.ro\/wp-content\/uploads\/2018\/02\/DSC_3591-200x300.jpg 200w, https:\/\/emomentultau.ro\/wp-content\/uploads\/2018\/02\/DSC_3591-768x1151.jpg 768w, https:\/\/emomentultau.ro\/wp-content\/uploads\/2018\/02\/DSC_3591-300x449.jpg 300w, https:\/\/emomentultau.ro\/wp-content\/uploads\/2018\/02\/DSC_3591.jpg 1068w\" sizes=\"auto, (max-width: 684px) 100vw, 684px\" \/>\u00a0<\/h2>\n<h2 style=\"text-align: center;\"><img loading=\"lazy\" decoding=\"async\" class=\"aligncenter size-large wp-image-972\" src=\"http:\/\/emomentultau.ro\/wp-content\/uploads\/2018\/02\/DSC_3593-1024x684.jpg\" alt=\"\" width=\"700\" height=\"468\" srcset=\"https:\/\/emomentultau.ro\/wp-content\/uploads\/2018\/02\/DSC_3593-1024x684.jpg 1024w, https:\/\/emomentultau.ro\/wp-content\/uploads\/2018\/02\/DSC_3593-300x200.jpg 300w, https:\/\/emomentultau.ro\/wp-content\/uploads\/2018\/02\/DSC_3593-768x513.jpg 768w, https:\/\/emomentultau.ro\/wp-content\/uploads\/2018\/02\/DSC_3593-272x182.jpg 272w, https:\/\/emomentultau.ro\/wp-content\/uploads\/2018\/02\/DSC_3593.jpg 1600w\" sizes=\"auto, (max-width: 700px) 100vw, 700px\" \/>\u00a0<\/h2>\n<h2 style=\"text-align: center;\"><img loading=\"lazy\" decoding=\"async\" class=\"aligncenter size-large wp-image-973\" src=\"http:\/\/emomentultau.ro\/wp-content\/uploads\/2018\/02\/DSC_3627-1024x413.jpg\" alt=\"\" width=\"700\" height=\"282\" srcset=\"https:\/\/emomentultau.ro\/wp-content\/uploads\/2018\/02\/DSC_3627-1024x413.jpg 1024w, https:\/\/emomentultau.ro\/wp-content\/uploads\/2018\/02\/DSC_3627-300x121.jpg 300w, https:\/\/emomentultau.ro\/wp-content\/uploads\/2018\/02\/DSC_3627-768x310.jpg 768w, https:\/\/emomentultau.ro\/wp-content\/uploads\/2018\/02\/DSC_3627.jpg 1600w\" sizes=\"auto, (max-width: 700px) 100vw, 700px\" \/>\u00a0<\/h2>\n<h2 style=\"text-align: center;\"><img loading=\"lazy\" decoding=\"async\" class=\"aligncenter size-large wp-image-974\" src=\"http:\/\/emomentultau.ro\/wp-content\/uploads\/2018\/02\/DSC_3689-684x1024.jpg\" alt=\"\" width=\"684\" height=\"1024\" srcset=\"https:\/\/emomentultau.ro\/wp-content\/uploads\/2018\/02\/DSC_3689-684x1024.jpg 684w, https:\/\/emomentultau.ro\/wp-content\/uploads\/2018\/02\/DSC_3689-200x300.jpg 200w, https:\/\/emomentultau.ro\/wp-content\/uploads\/2018\/02\/DSC_3689-768x1151.jpg 768w, https:\/\/emomentultau.ro\/wp-content\/uploads\/2018\/02\/DSC_3689-300x449.jpg 300w, https:\/\/emomentultau.ro\/wp-content\/uploads\/2018\/02\/DSC_3689.jpg 1068w\" sizes=\"auto, (max-width: 684px) 100vw, 684px\" \/>\u00a0<\/h2>\n<h2 style=\"text-align: center;\"><img loading=\"lazy\" decoding=\"async\" class=\"aligncenter size-large wp-image-975\" src=\"http:\/\/emomentultau.ro\/wp-content\/uploads\/2018\/02\/DSC_3715-1024x392.jpg\" alt=\"\" width=\"700\" height=\"268\" srcset=\"https:\/\/emomentultau.ro\/wp-content\/uploads\/2018\/02\/DSC_3715-1024x392.jpg 1024w, https:\/\/emomentultau.ro\/wp-content\/uploads\/2018\/02\/DSC_3715-300x115.jpg 300w, https:\/\/emomentultau.ro\/wp-content\/uploads\/2018\/02\/DSC_3715-768x294.jpg 768w, https:\/\/emomentultau.ro\/wp-content\/uploads\/2018\/02\/DSC_3715.jpg 1600w\" sizes=\"auto, (max-width: 700px) 100vw, 700px\" \/>\u00a0<\/h2>\n<h2 style=\"text-align: center;\"><img loading=\"lazy\" decoding=\"async\" class=\"aligncenter size-large wp-image-976\" src=\"http:\/\/emomentultau.ro\/wp-content\/uploads\/2018\/02\/DSC_3757-1024x479.jpg\" alt=\"\" width=\"700\" height=\"327\" srcset=\"https:\/\/emomentultau.ro\/wp-content\/uploads\/2018\/02\/DSC_3757-1024x479.jpg 1024w, https:\/\/emomentultau.ro\/wp-content\/uploads\/2018\/02\/DSC_3757-300x140.jpg 300w, https:\/\/emomentultau.ro\/wp-content\/uploads\/2018\/02\/DSC_3757-768x360.jpg 768w, https:\/\/emomentultau.ro\/wp-content\/uploads\/2018\/02\/DSC_3757.jpg 1600w\" sizes=\"auto, (max-width: 700px) 100vw, 700px\" \/>\u00a0<\/h2>\n<h2 style=\"text-align: center;\"><img loading=\"lazy\" decoding=\"async\" class=\"aligncenter size-large wp-image-977\" src=\"http:\/\/emomentultau.ro\/wp-content\/uploads\/2018\/02\/DSC_3780-1024x683.jpg\" alt=\"\" width=\"700\" height=\"467\" srcset=\"https:\/\/emomentultau.ro\/wp-content\/uploads\/2018\/02\/DSC_3780-1024x683.jpg 1024w, https:\/\/emomentultau.ro\/wp-content\/uploads\/2018\/02\/DSC_3780-300x200.jpg 300w, https:\/\/emomentultau.ro\/wp-content\/uploads\/2018\/02\/DSC_3780-768x512.jpg 768w, https:\/\/emomentultau.ro\/wp-content\/uploads\/2018\/02\/DSC_3780-272x182.jpg 272w, https:\/\/emomentultau.ro\/wp-content\/uploads\/2018\/02\/DSC_3780.jpg 1600w\" sizes=\"auto, (max-width: 700px) 100vw, 700px\" \/>\u00a0<\/h2>\n<h2 style=\"text-align: center;\"><img loading=\"lazy\" decoding=\"async\" class=\"aligncenter size-large wp-image-978\" src=\"http:\/\/emomentultau.ro\/wp-content\/uploads\/2018\/02\/DSC_3867-1024x683.jpg\" alt=\"\" width=\"700\" height=\"467\" srcset=\"https:\/\/emomentultau.ro\/wp-content\/uploads\/2018\/02\/DSC_3867-1024x683.jpg 1024w, https:\/\/emomentultau.ro\/wp-content\/uploads\/2018\/02\/DSC_3867-300x200.jpg 300w, https:\/\/emomentultau.ro\/wp-content\/uploads\/2018\/02\/DSC_3867-768x512.jpg 768w, https:\/\/emomentultau.ro\/wp-content\/uploads\/2018\/02\/DSC_3867-272x182.jpg 272w, https:\/\/emomentultau.ro\/wp-content\/uploads\/2018\/02\/DSC_3867.jpg 1600w\" sizes=\"auto, (max-width: 700px) 100vw, 700px\" \/>\u00a0<\/h2>\n<h2 style=\"text-align: center;\"><img loading=\"lazy\" decoding=\"async\" class=\"aligncenter size-large wp-image-979\" src=\"http:\/\/emomentultau.ro\/wp-content\/uploads\/2018\/02\/DSC_3930-684x1024.jpg\" alt=\"\" width=\"684\" height=\"1024\" srcset=\"https:\/\/emomentultau.ro\/wp-content\/uploads\/2018\/02\/DSC_3930-684x1024.jpg 684w, https:\/\/emomentultau.ro\/wp-content\/uploads\/2018\/02\/DSC_3930-200x300.jpg 200w, https:\/\/emomentultau.ro\/wp-content\/uploads\/2018\/02\/DSC_3930-768x1151.jpg 768w, https:\/\/emomentultau.ro\/wp-content\/uploads\/2018\/02\/DSC_3930-300x449.jpg 300w, https:\/\/emomentultau.ro\/wp-content\/uploads\/2018\/02\/DSC_3930.jpg 1068w\" sizes=\"auto, (max-width: 684px) 100vw, 684px\" \/>\u00a0<\/h2>\n<h2 style=\"text-align: center;\"><img loading=\"lazy\" decoding=\"async\" class=\"aligncenter size-large wp-image-980\" src=\"http:\/\/emomentultau.ro\/wp-content\/uploads\/2018\/02\/DSC_3996-1024x684.jpg\" alt=\"\" width=\"700\" height=\"468\" srcset=\"https:\/\/emomentultau.ro\/wp-content\/uploads\/2018\/02\/DSC_3996-1024x684.jpg 1024w, https:\/\/emomentultau.ro\/wp-content\/uploads\/2018\/02\/DSC_3996-300x200.jpg 300w, https:\/\/emomentultau.ro\/wp-content\/uploads\/2018\/02\/DSC_3996-768x513.jpg 768w, https:\/\/emomentultau.ro\/wp-content\/uploads\/2018\/02\/DSC_3996-272x182.jpg 272w, https:\/\/emomentultau.ro\/wp-content\/uploads\/2018\/02\/DSC_3996.jpg 1600w\" sizes=\"auto, (max-width: 700px) 100vw, 700px\" \/><\/h2>\n<\/div>\n<\/div><\/div><\/div><\/div><\/div>","protected":false},"excerpt":{"rendered":"<p>Atestat coregrafie promotia 2017 Spectacol de balet in cadrul atestatului de\u00a0 coregrafie de la\u00a0Colegiul Na\u0163ional de Art\u0103 &#8222;Octav B\u0103ncil\u0103&#8221; Ia\u015fi \u00a0 \u00a0 \u00a0 \u00a0 \u00a0 \u00a0 \u00a0 \u00a0 \u00a0 \u00a0 \u00a0 \u00a0 \u00a0 \u00a0 \u00a0 \u00a0 \u00a0 \u00a0<\/p>\n","protected":false},"author":1,"featured_media":0,"parent":0,"menu_order":0,"comment_status":"closed","ping_status":"closed","template":"full-width-page.php","meta":{"footnotes":""},"class_list":["post-959","page","type-page","status-publish","hentry"],"yoast_head":"<!-- This site is optimized with the Yoast SEO plugin v25.9 - https:\/\/yoast.com\/wordpress\/plugins\/seo\/ -->\n<title>Atestat-balet-bancila - EmomentulTau<\/title>\n<meta name=\"description\" content=\"Atestat balet bancila , fotografie balet, coregrafie balet, poze balet, poze atestat bancila, Colegiul de arte iasi Bancila\" \/>\n<meta name=\"robots\" content=\"index, follow, max-snippet:-1, max-image-preview:large, max-video-preview:-1\" \/>\n<link rel=\"canonical\" href=\"https:\/\/emomentultau.ro\/index.php\/atestat-balet-bancila\/\" \/>\n<meta property=\"og:locale\" content=\"ro_RO\" \/>\n<meta property=\"og:type\" content=\"article\" \/>\n<meta property=\"og:title\" content=\"Atestat-balet-bancila - EmomentulTau\" \/>\n<meta property=\"og:description\" content=\"Atestat balet bancila , fotografie balet, coregrafie balet, poze balet, poze atestat bancila, Colegiul de arte iasi Bancila\" \/>\n<meta property=\"og:url\" content=\"https:\/\/emomentultau.ro\/index.php\/atestat-balet-bancila\/\" \/>\n<meta property=\"og:site_name\" content=\"EmomentulTau\" \/>\n<meta property=\"article:publisher\" content=\"https:\/\/www.facebook.com\/george.agudaru.photography\/?timeline_context_item_type=intro_card_work&amp;amp%3btimeline_context_item_source=1188508084&amp;amp%3bpnref=lhc\" \/>\n<meta property=\"article:modified_time\" content=\"2018-02-02T18:00:27+00:00\" \/>\n<meta property=\"og:image\" content=\"http:\/\/emomentultau.ro\/wp-content\/uploads\/2018\/02\/7568567567567567567567-1024x494.jpg\" \/>\n<meta name=\"twitter:card\" content=\"summary_large_image\" \/>\n<meta name=\"twitter:site\" content=\"@georgeagudaru\" \/>\n<script type=\"application\/ld+json\" class=\"yoast-schema-graph\">{\"@context\":\"https:\/\/schema.org\",\"@graph\":[{\"@type\":\"WebPage\",\"@id\":\"https:\/\/emomentultau.ro\/index.php\/atestat-balet-bancila\/\",\"url\":\"https:\/\/emomentultau.ro\/index.php\/atestat-balet-bancila\/\",\"name\":\"Atestat-balet-bancila - EmomentulTau\",\"isPartOf\":{\"@id\":\"https:\/\/emomentultau.ro\/#website\"},\"primaryImageOfPage\":{\"@id\":\"https:\/\/emomentultau.ro\/index.php\/atestat-balet-bancila\/#primaryimage\"},\"image\":{\"@id\":\"https:\/\/emomentultau.ro\/index.php\/atestat-balet-bancila\/#primaryimage\"},\"thumbnailUrl\":\"http:\/\/emomentultau.ro\/wp-content\/uploads\/2018\/02\/7568567567567567567567-1024x494.jpg\",\"datePublished\":\"2018-02-02T17:52:58+00:00\",\"dateModified\":\"2018-02-02T18:00:27+00:00\",\"description\":\"Atestat balet bancila , fotografie balet, coregrafie balet, poze balet, poze atestat bancila, Colegiul de arte iasi Bancila\",\"breadcrumb\":{\"@id\":\"https:\/\/emomentultau.ro\/index.php\/atestat-balet-bancila\/#breadcrumb\"},\"inLanguage\":\"ro-RO\",\"potentialAction\":[{\"@type\":\"ReadAction\",\"target\":[\"https:\/\/emomentultau.ro\/index.php\/atestat-balet-bancila\/\"]}]},{\"@type\":\"ImageObject\",\"inLanguage\":\"ro-RO\",\"@id\":\"https:\/\/emomentultau.ro\/index.php\/atestat-balet-bancila\/#primaryimage\",\"url\":\"https:\/\/emomentultau.ro\/wp-content\/uploads\/2018\/02\/7568567567567567567567.jpg\",\"contentUrl\":\"https:\/\/emomentultau.ro\/wp-content\/uploads\/2018\/02\/7568567567567567567567.jpg\",\"width\":1600,\"height\":772},{\"@type\":\"BreadcrumbList\",\"@id\":\"https:\/\/emomentultau.ro\/index.php\/atestat-balet-bancila\/#breadcrumb\",\"itemListElement\":[{\"@type\":\"ListItem\",\"position\":1,\"name\":\"Prima pagin\u0103\",\"item\":\"https:\/\/emomentultau.ro\/\"},{\"@type\":\"ListItem\",\"position\":2,\"name\":\"Atestat-balet-bancila\"}]},{\"@type\":\"WebSite\",\"@id\":\"https:\/\/emomentultau.ro\/#website\",\"url\":\"https:\/\/emomentultau.ro\/\",\"name\":\"EmomentulTau\",\"description\":\"Suntem aici pentru a-ti povesti momentele frumoasa.\",\"potentialAction\":[{\"@type\":\"SearchAction\",\"target\":{\"@type\":\"EntryPoint\",\"urlTemplate\":\"https:\/\/emomentultau.ro\/?s={search_term_string}\"},\"query-input\":{\"@type\":\"PropertyValueSpecification\",\"valueRequired\":true,\"valueName\":\"search_term_string\"}}],\"inLanguage\":\"ro-RO\"}]}<\/script>\n<!-- \/ Yoast SEO plugin. -->","yoast_head_json":{"title":"Atestat-balet-bancila - EmomentulTau","description":"Atestat balet bancila , fotografie balet, coregrafie balet, poze balet, poze atestat bancila, Colegiul de arte iasi Bancila","robots":{"index":"index","follow":"follow","max-snippet":"max-snippet:-1","max-image-preview":"max-image-preview:large","max-video-preview":"max-video-preview:-1"},"canonical":"https:\/\/emomentultau.ro\/index.php\/atestat-balet-bancila\/","og_locale":"ro_RO","og_type":"article","og_title":"Atestat-balet-bancila - EmomentulTau","og_description":"Atestat balet bancila , fotografie balet, coregrafie balet, poze balet, poze atestat bancila, Colegiul de arte iasi Bancila","og_url":"https:\/\/emomentultau.ro\/index.php\/atestat-balet-bancila\/","og_site_name":"EmomentulTau","article_publisher":"https:\/\/www.facebook.com\/george.agudaru.photography\/?timeline_context_item_type=intro_card_work&amp%3btimeline_context_item_source=1188508084&amp%3bpnref=lhc","article_modified_time":"2018-02-02T18:00:27+00:00","og_image":[{"url":"http:\/\/emomentultau.ro\/wp-content\/uploads\/2018\/02\/7568567567567567567567-1024x494.jpg","type":"","width":"","height":""}],"twitter_card":"summary_large_image","twitter_site":"@georgeagudaru","schema":{"@context":"https:\/\/schema.org","@graph":[{"@type":"WebPage","@id":"https:\/\/emomentultau.ro\/index.php\/atestat-balet-bancila\/","url":"https:\/\/emomentultau.ro\/index.php\/atestat-balet-bancila\/","name":"Atestat-balet-bancila - EmomentulTau","isPartOf":{"@id":"https:\/\/emomentultau.ro\/#website"},"primaryImageOfPage":{"@id":"https:\/\/emomentultau.ro\/index.php\/atestat-balet-bancila\/#primaryimage"},"image":{"@id":"https:\/\/emomentultau.ro\/index.php\/atestat-balet-bancila\/#primaryimage"},"thumbnailUrl":"http:\/\/emomentultau.ro\/wp-content\/uploads\/2018\/02\/7568567567567567567567-1024x494.jpg","datePublished":"2018-02-02T17:52:58+00:00","dateModified":"2018-02-02T18:00:27+00:00","description":"Atestat balet bancila , fotografie balet, coregrafie balet, poze balet, poze atestat bancila, Colegiul de arte iasi Bancila","breadcrumb":{"@id":"https:\/\/emomentultau.ro\/index.php\/atestat-balet-bancila\/#breadcrumb"},"inLanguage":"ro-RO","potentialAction":[{"@type":"ReadAction","target":["https:\/\/emomentultau.ro\/index.php\/atestat-balet-bancila\/"]}]},{"@type":"ImageObject","inLanguage":"ro-RO","@id":"https:\/\/emomentultau.ro\/index.php\/atestat-balet-bancila\/#primaryimage","url":"https:\/\/emomentultau.ro\/wp-content\/uploads\/2018\/02\/7568567567567567567567.jpg","contentUrl":"https:\/\/emomentultau.ro\/wp-content\/uploads\/2018\/02\/7568567567567567567567.jpg","width":1600,"height":772},{"@type":"BreadcrumbList","@id":"https:\/\/emomentultau.ro\/index.php\/atestat-balet-bancila\/#breadcrumb","itemListElement":[{"@type":"ListItem","position":1,"name":"Prima pagin\u0103","item":"https:\/\/emomentultau.ro\/"},{"@type":"ListItem","position":2,"name":"Atestat-balet-bancila"}]},{"@type":"WebSite","@id":"https:\/\/emomentultau.ro\/#website","url":"https:\/\/emomentultau.ro\/","name":"EmomentulTau","description":"Suntem aici pentru a-ti povesti momentele frumoasa.","potentialAction":[{"@type":"SearchAction","target":{"@type":"EntryPoint","urlTemplate":"https:\/\/emomentultau.ro\/?s={search_term_string}"},"query-input":{"@type":"PropertyValueSpecification","valueRequired":true,"valueName":"search_term_string"}}],"inLanguage":"ro-RO"}]}},"_links":{"self":[{"href":"https:\/\/emomentultau.ro\/index.php\/wp-json\/wp\/v2\/pages\/959","targetHints":{"allow":["GET"]}}],"collection":[{"href":"https:\/\/emomentultau.ro\/index.php\/wp-json\/wp\/v2\/pages"}],"about":[{"href":"https:\/\/emomentultau.ro\/index.php\/wp-json\/wp\/v2\/types\/page"}],"author":[{"embeddable":true,"href":"https:\/\/emomentultau.ro\/index.php\/wp-json\/wp\/v2\/users\/1"}],"replies":[{"embeddable":true,"href":"https:\/\/emomentultau.ro\/index.php\/wp-json\/wp\/v2\/comments?post=959"}],"version-history":[{"count":5,"href":"https:\/\/emomentultau.ro\/index.php\/wp-json\/wp\/v2\/pages\/959\/revisions"}],"predecessor-version":[{"id":983,"href":"https:\/\/emomentultau.ro\/index.php\/wp-json\/wp\/v2\/pages\/959\/revisions\/983"}],"wp:attachment":[{"href":"https:\/\/emomentultau.ro\/index.php\/wp-json\/wp\/v2\/media?parent=959"}],"curies":[{"name":"wp","href":"https:\/\/api.w.org\/{rel}","templated":true}]}}